{"id":4873,"date":"2020-03-11T05:40:03","date_gmt":"2020-03-11T05:40:03","guid":{"rendered":"http:\/\/chaaliya.com\/product\/batik-experience\/"},"modified":"2023-02-21T12:39:06","modified_gmt":"2023-02-21T12:39:06","slug":"esperienza-batik","status":"publish","type":"product","link":"https:\/\/chaaliya.com\/it\/experiences\/esperienza-batik\/","title":{"rendered":"Esperienza Batik"},"content":{"rendered":"<p>Evita le trappole per turisti e goditi la vera Batik Experience, una tecnica di tintura resistente alla cera applicata su tutta la stoffa, con disegni belli e colorati.<\/p>\n<p>&nbsp;<\/p>\n<p>Dopo una breve dimostrazione, creerai il TUO pezzo di Batik, scegliendo i colori e il motivo. Sii consapevole! \u00c8 pi\u00f9 complicato di quanto sembri, ma \u00e8 divertente e il risultato sar\u00e0 meraviglioso!<\/p>\n<p>&nbsp;<\/p>\n<p>Perch\u00e9 acquistare un souvenir quando puoi crearlo con le tue mani e portare con te dei bei ricordi?<\/p>\n<p>&nbsp;<\/p>\n<p>Questo fa parte dei nostri progetti sociali a sostegno della comunit\u00e0 locale. Questo non \u00e8 un negozio ma un piccolo tessuto a conduzione familiare, quindi non sarai spinto ad acquistare alcun prodotto.<\/p>\n<p>&nbsp;<\/p>\n<p>Il pagamento verr\u00e0 saldato direttamente con la proprietaria del tessuto.<\/p>\n","protected":false},"excerpt":{"rendered":"<p>Evita le trappole per turisti e goditi la vera Batik Experience, una tecnica di tintura resistente alla cera applicata su tutta la stoffa, con disegni belli e colorati. &nbsp; Dopo una breve dimostrazione, creerai il TUO pezzo di Batik, scegliendo i colori e il motivo. Sii consapevole! \u00c8 pi\u00f9 complicato di quanto sembri, ma \u00e8 [&hellip;]<\/p>\n","protected":false},"featured_media":5091,"comment_status":"open","ping_status":"closed","template":"","meta":{"_acf_changed":false},"product_brand":[],"product_cat":[283],"product_tag":[],"class_list":{"0":"post-4873","1":"product","2":"type-product","3":"status-publish","4":"has-post-thumbnail","6":"product_cat-travel-it","8":"first","9":"instock","10":"virtual","11":"product-type-simple"},"acf":[],"yoast_head":"<!-- This site is optimized with the Yoast SEO plugin v27.3 - https:\/\/yoast.com\/product\/yoast-seo-wordpress\/ -->\n<title>Esperienza Batik - Chaaliya Tours<\/title>\n<meta name=\"robots\" content=\"index, follow, max-snippet:-1, max-image-preview:large, max-video-preview:-1\" \/>\n<link rel=\"canonical\" href=\"https:\/\/chaaliya.com\/it\/experiences\/esperienza-batik\/\" \/>\n<meta property=\"og:locale\" content=\"it_IT\" \/>\n<meta property=\"og:type\" content=\"article\" \/>\n<meta property=\"og:title\" content=\"Esperienza Batik - Chaaliya Tours\" \/>\n<meta property=\"og:description\" content=\"Evita le trappole per turisti e goditi la vera Batik Experience, una tecnica di tintura resistente alla cera applicata su tutta la stoffa, con disegni belli e colorati. &nbsp; Dopo una breve dimostrazione, creerai il TUO pezzo di Batik, scegliendo i colori e il motivo. Sii consapevole! \u00c8 pi\u00f9 complicato di quanto sembri, ma \u00e8 [&hellip;]\" \/>\n<meta property=\"og:url\" content=\"https:\/\/chaaliya.com\/it\/experiences\/esperienza-batik\/\" \/>\n<meta property=\"og:site_name\" content=\"Chaaliya Tours\" \/>\n<meta property=\"article:publisher\" content=\"https:\/\/www.facebook.com\/chaaliya\/\" \/>\n<meta property=\"article:modified_time\" content=\"2023-02-21T12:39:06+00:00\" \/>\n<meta property=\"og:image\" content=\"https:\/\/chaaliya.com\/wp-content\/uploads\/2020\/03\/Batik_2.jpg\" \/>\n\t<meta property=\"og:image:width\" content=\"1040\" \/>\n\t<meta property=\"og:image:height\" content=\"780\" \/>\n\t<meta property=\"og:image:type\" content=\"image\/jpeg\" \/>\n<meta name=\"twitter:card\" content=\"summary_large_image\" \/>\n<meta name=\"twitter:site\" content=\"@chaaliya\" \/>\n<meta name=\"twitter:label1\" content=\"Tempo di lettura stimato\" \/>\n\t<meta name=\"twitter:data1\" content=\"1 minuto\" \/>\n<script type=\"application\/ld+json\" class=\"yoast-schema-graph\">{\"@context\":\"https:\\\/\\\/schema.org\",\"@graph\":[{\"@type\":\"WebPage\",\"@id\":\"https:\\\/\\\/chaaliya.com\\\/it\\\/experiences\\\/esperienza-batik\\\/\",\"url\":\"https:\\\/\\\/chaaliya.com\\\/it\\\/experiences\\\/esperienza-batik\\\/\",\"name\":\"Esperienza Batik - Chaaliya Tours\",\"isPartOf\":{\"@id\":\"https:\\\/\\\/chaaliya.com\\\/it\\\/#website\"},\"primaryImageOfPage\":{\"@id\":\"https:\\\/\\\/chaaliya.com\\\/it\\\/experiences\\\/esperienza-batik\\\/#primaryimage\"},\"image\":{\"@id\":\"https:\\\/\\\/chaaliya.com\\\/it\\\/experiences\\\/esperienza-batik\\\/#primaryimage\"},\"thumbnailUrl\":\"https:\\\/\\\/chaaliya.com\\\/wp-content\\\/uploads\\\/2020\\\/03\\\/Batik_2.jpg\",\"datePublished\":\"2020-03-11T05:40:03+00:00\",\"dateModified\":\"2023-02-21T12:39:06+00:00\",\"breadcrumb\":{\"@id\":\"https:\\\/\\\/chaaliya.com\\\/it\\\/experiences\\\/esperienza-batik\\\/#breadcrumb\"},\"inLanguage\":\"it-IT\",\"potentialAction\":[{\"@type\":\"ReadAction\",\"target\":[\"https:\\\/\\\/chaaliya.com\\\/it\\\/experiences\\\/esperienza-batik\\\/\"]}]},{\"@type\":\"ImageObject\",\"inLanguage\":\"it-IT\",\"@id\":\"https:\\\/\\\/chaaliya.com\\\/it\\\/experiences\\\/esperienza-batik\\\/#primaryimage\",\"url\":\"https:\\\/\\\/chaaliya.com\\\/wp-content\\\/uploads\\\/2020\\\/03\\\/Batik_2.jpg\",\"contentUrl\":\"https:\\\/\\\/chaaliya.com\\\/wp-content\\\/uploads\\\/2020\\\/03\\\/Batik_2.jpg\",\"width\":1040,\"height\":780,\"caption\":\"your own Batik Experience\"},{\"@type\":\"BreadcrumbList\",\"@id\":\"https:\\\/\\\/chaaliya.com\\\/it\\\/experiences\\\/esperienza-batik\\\/#breadcrumb\",\"itemListElement\":[{\"@type\":\"ListItem\",\"position\":1,\"name\":\"Home\",\"item\":\"https:\\\/\\\/chaaliya.com\\\/it\\\/\"},{\"@type\":\"ListItem\",\"position\":2,\"name\":\"Esperienza Batik\"}]},{\"@type\":\"WebSite\",\"@id\":\"https:\\\/\\\/chaaliya.com\\\/it\\\/#website\",\"url\":\"https:\\\/\\\/chaaliya.com\\\/it\\\/\",\"name\":\"Chaaliya Tours\",\"description\":\"Chaaliya Tours is a Sri Lanka Tourism Board Certified Tour Operator\",\"publisher\":{\"@id\":\"https:\\\/\\\/chaaliya.com\\\/it\\\/#organization\"},\"potentialAction\":[{\"@type\":\"SearchAction\",\"target\":{\"@type\":\"EntryPoint\",\"urlTemplate\":\"https:\\\/\\\/chaaliya.com\\\/it\\\/?s={search_term_string}\"},\"query-input\":{\"@type\":\"PropertyValueSpecification\",\"valueRequired\":true,\"valueName\":\"search_term_string\"}}],\"inLanguage\":\"it-IT\"},{\"@type\":\"Organization\",\"@id\":\"https:\\\/\\\/chaaliya.com\\\/it\\\/#organization\",\"name\":\"Chaaliya Tours\",\"url\":\"https:\\\/\\\/chaaliya.com\\\/it\\\/\",\"logo\":{\"@type\":\"ImageObject\",\"inLanguage\":\"it-IT\",\"@id\":\"https:\\\/\\\/chaaliya.com\\\/it\\\/#\\\/schema\\\/logo\\\/image\\\/\",\"url\":\"http:\\\/\\\/chaaliya.com\\\/wp-content\\\/uploads\\\/2020\\\/01\\\/cropped-logo.png\",\"contentUrl\":\"http:\\\/\\\/chaaliya.com\\\/wp-content\\\/uploads\\\/2020\\\/01\\\/cropped-logo.png\",\"width\":1000,\"height\":472,\"caption\":\"Chaaliya Tours\"},\"image\":{\"@id\":\"https:\\\/\\\/chaaliya.com\\\/it\\\/#\\\/schema\\\/logo\\\/image\\\/\"},\"sameAs\":[\"https:\\\/\\\/www.facebook.com\\\/chaaliya\\\/\",\"https:\\\/\\\/x.com\\\/chaaliya\"]}]}<\/script>\n<!-- \/ Yoast SEO plugin. -->","yoast_head_json":{"title":"Esperienza Batik - Chaaliya Tours","robots":{"index":"index","follow":"follow","max-snippet":"max-snippet:-1","max-image-preview":"max-image-preview:large","max-video-preview":"max-video-preview:-1"},"canonical":"https:\/\/chaaliya.com\/it\/experiences\/esperienza-batik\/","og_locale":"it_IT","og_type":"article","og_title":"Esperienza Batik - Chaaliya Tours","og_description":"Evita le trappole per turisti e goditi la vera Batik Experience, una tecnica di tintura resistente alla cera applicata su tutta la stoffa, con disegni belli e colorati. &nbsp; Dopo una breve dimostrazione, creerai il TUO pezzo di Batik, scegliendo i colori e il motivo. Sii consapevole! \u00c8 pi\u00f9 complicato di quanto sembri, ma \u00e8 [&hellip;]","og_url":"https:\/\/chaaliya.com\/it\/experiences\/esperienza-batik\/","og_site_name":"Chaaliya Tours","article_publisher":"https:\/\/www.facebook.com\/chaaliya\/","article_modified_time":"2023-02-21T12:39:06+00:00","og_image":[{"width":1040,"height":780,"url":"https:\/\/chaaliya.com\/wp-content\/uploads\/2020\/03\/Batik_2.jpg","type":"image\/jpeg"}],"twitter_card":"summary_large_image","twitter_site":"@chaaliya","twitter_misc":{"Tempo di lettura stimato":"1 minuto"},"schema":{"@context":"https:\/\/schema.org","@graph":[{"@type":"WebPage","@id":"https:\/\/chaaliya.com\/it\/experiences\/esperienza-batik\/","url":"https:\/\/chaaliya.com\/it\/experiences\/esperienza-batik\/","name":"Esperienza Batik - Chaaliya Tours","isPartOf":{"@id":"https:\/\/chaaliya.com\/it\/#website"},"primaryImageOfPage":{"@id":"https:\/\/chaaliya.com\/it\/experiences\/esperienza-batik\/#primaryimage"},"image":{"@id":"https:\/\/chaaliya.com\/it\/experiences\/esperienza-batik\/#primaryimage"},"thumbnailUrl":"https:\/\/chaaliya.com\/wp-content\/uploads\/2020\/03\/Batik_2.jpg","datePublished":"2020-03-11T05:40:03+00:00","dateModified":"2023-02-21T12:39:06+00:00","breadcrumb":{"@id":"https:\/\/chaaliya.com\/it\/experiences\/esperienza-batik\/#breadcrumb"},"inLanguage":"it-IT","potentialAction":[{"@type":"ReadAction","target":["https:\/\/chaaliya.com\/it\/experiences\/esperienza-batik\/"]}]},{"@type":"ImageObject","inLanguage":"it-IT","@id":"https:\/\/chaaliya.com\/it\/experiences\/esperienza-batik\/#primaryimage","url":"https:\/\/chaaliya.com\/wp-content\/uploads\/2020\/03\/Batik_2.jpg","contentUrl":"https:\/\/chaaliya.com\/wp-content\/uploads\/2020\/03\/Batik_2.jpg","width":1040,"height":780,"caption":"your own Batik Experience"},{"@type":"BreadcrumbList","@id":"https:\/\/chaaliya.com\/it\/experiences\/esperienza-batik\/#breadcrumb","itemListElement":[{"@type":"ListItem","position":1,"name":"Home","item":"https:\/\/chaaliya.com\/it\/"},{"@type":"ListItem","position":2,"name":"Esperienza Batik"}]},{"@type":"WebSite","@id":"https:\/\/chaaliya.com\/it\/#website","url":"https:\/\/chaaliya.com\/it\/","name":"Chaaliya Tours","description":"Chaaliya Tours is a Sri Lanka Tourism Board Certified Tour Operator","publisher":{"@id":"https:\/\/chaaliya.com\/it\/#organization"},"potentialAction":[{"@type":"SearchAction","target":{"@type":"EntryPoint","urlTemplate":"https:\/\/chaaliya.com\/it\/?s={search_term_string}"},"query-input":{"@type":"PropertyValueSpecification","valueRequired":true,"valueName":"search_term_string"}}],"inLanguage":"it-IT"},{"@type":"Organization","@id":"https:\/\/chaaliya.com\/it\/#organization","name":"Chaaliya Tours","url":"https:\/\/chaaliya.com\/it\/","logo":{"@type":"ImageObject","inLanguage":"it-IT","@id":"https:\/\/chaaliya.com\/it\/#\/schema\/logo\/image\/","url":"http:\/\/chaaliya.com\/wp-content\/uploads\/2020\/01\/cropped-logo.png","contentUrl":"http:\/\/chaaliya.com\/wp-content\/uploads\/2020\/01\/cropped-logo.png","width":1000,"height":472,"caption":"Chaaliya Tours"},"image":{"@id":"https:\/\/chaaliya.com\/it\/#\/schema\/logo\/image\/"},"sameAs":["https:\/\/www.facebook.com\/chaaliya\/","https:\/\/x.com\/chaaliya"]}]}},"_links":{"self":[{"href":"https:\/\/chaaliya.com\/it\/wp-json\/wp\/v2\/product\/4873","targetHints":{"allow":["GET"]}}],"collection":[{"href":"https:\/\/chaaliya.com\/it\/wp-json\/wp\/v2\/product"}],"about":[{"href":"https:\/\/chaaliya.com\/it\/wp-json\/wp\/v2\/types\/product"}],"replies":[{"embeddable":true,"href":"https:\/\/chaaliya.com\/it\/wp-json\/wp\/v2\/comments?post=4873"}],"wp:featuredmedia":[{"embeddable":true,"href":"https:\/\/chaaliya.com\/it\/wp-json\/wp\/v2\/media\/5091"}],"wp:attachment":[{"href":"https:\/\/chaaliya.com\/it\/wp-json\/wp\/v2\/media?parent=4873"}],"wp:term":[{"taxonomy":"product_brand","embeddable":true,"href":"https:\/\/chaaliya.com\/it\/wp-json\/wp\/v2\/product_brand?post=4873"},{"taxonomy":"product_cat","embeddable":true,"href":"https:\/\/chaaliya.com\/it\/wp-json\/wp\/v2\/product_cat?post=4873"},{"taxonomy":"product_tag","embeddable":true,"href":"https:\/\/chaaliya.com\/it\/wp-json\/wp\/v2\/product_tag?post=4873"}],"curies":[{"name":"wp","href":"https:\/\/api.w.org\/{rel}","templated":true}]}}