{"id":4879,"date":"2020-03-11T05:41:55","date_gmt":"2020-03-11T05:41:55","guid":{"rendered":"http:\/\/chaaliya.com\/product\/ceylon-tea-story-tracking\/"},"modified":"2023-02-21T12:38:32","modified_gmt":"2023-02-21T12:38:32","slug":"trekking-della-storia-del-te-di-ceylon","status":"publish","type":"product","link":"https:\/\/chaaliya.com\/it\/experiences\/trekking-della-storia-del-te-di-ceylon\/","title":{"rendered":"Trekking della storia del t\u00e8 di Ceylon"},"content":{"rendered":"<p>Questa \u00e8 la prima piantagione di t\u00e8 in Sri Lanka. James Tailor inizi\u00f2 questa piantagione durante il periodo coloniale nel 1867 quando aveva solo 32 anni, James Taylor inizi\u00f2 la piantagione di t\u00e8 all&#8217;interno di 19 acri, di terra nel Loolecondera Field No: 07 e crebbe rapidamente. Nel 1872, ha avviato una fabbrica di t\u00e8 con la sua ultima invenzione delle foglie di t\u00e8 che tagliano la macchina.<\/p>\n<p>Anche se un&#8217;aria di pace e calma pu\u00f2 regnare sulle montagne, ci sono molte attivit\u00e0 anche nelle vicinanze per tenerti occupato, perch\u00e9 l'&#8221;entroterra&#8221; \u00e8 ricco e vario come il t\u00e8 per cui \u00e8 famoso. I panorami e i suoni unici di feste colorate, antichi luoghi di interesse storico e una ricchezza di tradizioni di culture diverse sono tutti da vivere in prima persona.<\/p>\n<p>Abbondano anche molti punti di riferimento coloniali, ad esempio la famosa catena montuosa Knuckles. Anche le citt\u00e0 e i villaggi vicini, i templi e i santuari offrono una nuova esperienza culturale.<\/p>\n<p>Goditi un&#8217;esperienza storica del t\u00e8 nella Loolecondera Estate, dove \u00e8 stato piantato il primo pezzo di t\u00e8 in Sri Lanka. Durante questo tour privato di 6 ore, visita la piantagione di t\u00e8, James Taylor Seat, Tea Tree, James Taylor Statue, Loolecondera Tea Factory, James Taylor Log Cabin e stazioni di pesatura, accompagnato dal tuo naturalista locale di lingua inglese.<\/p>\n<p>7:00: verrai prelevato dal tuo hotel a Kandy e guidato per circa un&#8217;ora e mezza per raggiungere il punto in cui inizi la tua esperienza guidata del t\u00e8 alla Loolecondera Estate.<\/p>\n<p><strong>Informazioni addizionali<\/strong><\/p>\n<ul>\n<li>Non accessibile in sedia a rotelle<\/li>\n<li>I neonati devono sedersi sulle ginocchia<\/li>\n<li>Non raccomandato per i viaggiatori con problemi alla schiena<\/li>\n<li>Non raccomandato per i viaggiatori in stato di gravidanza<\/li>\n<li>Nessun problema cardiaco o altre gravi condizioni mediche<\/li>\n<li>I viaggiatori dovrebbero avere un forte livello di forma fisica<\/li>\n<li>Questo \u00e8 un tour \/ attivit\u00e0 privata. Parteciper\u00e0 solo il tuo gruppo<\/li>\n<\/ul>\n","protected":false},"excerpt":{"rendered":"<p>Questa \u00e8 la prima piantagione di t\u00e8 in Sri Lanka. James Tailor inizi\u00f2 questa piantagione durante il periodo coloniale nel 1867 quando aveva solo 32 anni, James Taylor inizi\u00f2 la piantagione di t\u00e8 all&#8217;interno di 19 acri, di terra nel Loolecondera Field No: 07 e crebbe rapidamente. Nel 1872, ha avviato una fabbrica di t\u00e8 [&hellip;]<\/p>\n","protected":false},"featured_media":4557,"comment_status":"open","ping_status":"closed","template":"","meta":{"_acf_changed":false},"product_brand":[],"product_cat":[283],"product_tag":[],"class_list":{"0":"post-4879","1":"product","2":"type-product","3":"status-publish","4":"has-post-thumbnail","6":"product_cat-travel-it","8":"first","9":"instock","10":"shipping-taxable","11":"product-type-simple"},"acf":[],"yoast_head":"<!-- This site is optimized with the Yoast SEO plugin v27.4 - https:\/\/yoast.com\/product\/yoast-seo-wordpress\/ -->\n<title>Trekking della storia del t\u00e8 di Ceylon - Chaaliya Tours<\/title>\n<meta name=\"robots\" content=\"index, follow, max-snippet:-1, max-image-preview:large, max-video-preview:-1\" \/>\n<link rel=\"canonical\" href=\"https:\/\/chaaliya.com\/it\/experiences\/trekking-della-storia-del-te-di-ceylon\/\" \/>\n<meta property=\"og:locale\" content=\"it_IT\" \/>\n<meta property=\"og:type\" content=\"article\" \/>\n<meta property=\"og:title\" content=\"Trekking della storia del t\u00e8 di Ceylon - Chaaliya Tours\" \/>\n<meta property=\"og:description\" content=\"Questa \u00e8 la prima piantagione di t\u00e8 in Sri Lanka. James Tailor inizi\u00f2 questa piantagione durante il periodo coloniale nel 1867 quando aveva solo 32 anni, James Taylor inizi\u00f2 la piantagione di t\u00e8 all&#8217;interno di 19 acri, di terra nel Loolecondera Field No: 07 e crebbe rapidamente. Nel 1872, ha avviato una fabbrica di t\u00e8 [&hellip;]\" \/>\n<meta property=\"og:url\" content=\"https:\/\/chaaliya.com\/it\/experiences\/trekking-della-storia-del-te-di-ceylon\/\" \/>\n<meta property=\"og:site_name\" content=\"Chaaliya Tours\" \/>\n<meta property=\"article:publisher\" content=\"https:\/\/www.facebook.com\/chaaliya\/\" \/>\n<meta property=\"article:modified_time\" content=\"2023-02-21T12:38:32+00:00\" \/>\n<meta property=\"og:image\" content=\"https:\/\/chaaliya.com\/wp-content\/uploads\/2020\/02\/DSCF4251.jpg\" \/>\n\t<meta property=\"og:image:width\" content=\"953\" \/>\n\t<meta property=\"og:image:height\" content=\"720\" \/>\n\t<meta property=\"og:image:type\" content=\"image\/jpeg\" \/>\n<meta name=\"twitter:card\" content=\"summary_large_image\" \/>\n<meta name=\"twitter:site\" content=\"@chaaliya\" \/>\n<meta name=\"twitter:label1\" content=\"Tempo di lettura stimato\" \/>\n\t<meta name=\"twitter:data1\" content=\"2 minuti\" \/>\n<script type=\"application\/ld+json\" class=\"yoast-schema-graph\">{\"@context\":\"https:\\\/\\\/schema.org\",\"@graph\":[{\"@type\":\"WebPage\",\"@id\":\"https:\\\/\\\/chaaliya.com\\\/it\\\/experiences\\\/trekking-della-storia-del-te-di-ceylon\\\/\",\"url\":\"https:\\\/\\\/chaaliya.com\\\/it\\\/experiences\\\/trekking-della-storia-del-te-di-ceylon\\\/\",\"name\":\"Trekking della storia del t\u00e8 di Ceylon - Chaaliya Tours\",\"isPartOf\":{\"@id\":\"https:\\\/\\\/chaaliya.com\\\/#website\"},\"primaryImageOfPage\":{\"@id\":\"https:\\\/\\\/chaaliya.com\\\/it\\\/experiences\\\/trekking-della-storia-del-te-di-ceylon\\\/#primaryimage\"},\"image\":{\"@id\":\"https:\\\/\\\/chaaliya.com\\\/it\\\/experiences\\\/trekking-della-storia-del-te-di-ceylon\\\/#primaryimage\"},\"thumbnailUrl\":\"https:\\\/\\\/chaaliya.com\\\/wp-content\\\/uploads\\\/2020\\\/02\\\/DSCF4251.jpg\",\"datePublished\":\"2020-03-11T05:41:55+00:00\",\"dateModified\":\"2023-02-21T12:38:32+00:00\",\"breadcrumb\":{\"@id\":\"https:\\\/\\\/chaaliya.com\\\/it\\\/experiences\\\/trekking-della-storia-del-te-di-ceylon\\\/#breadcrumb\"},\"inLanguage\":\"it-IT\",\"potentialAction\":[{\"@type\":\"ReadAction\",\"target\":[\"https:\\\/\\\/chaaliya.com\\\/it\\\/experiences\\\/trekking-della-storia-del-te-di-ceylon\\\/\"]}]},{\"@type\":\"ImageObject\",\"inLanguage\":\"it-IT\",\"@id\":\"https:\\\/\\\/chaaliya.com\\\/it\\\/experiences\\\/trekking-della-storia-del-te-di-ceylon\\\/#primaryimage\",\"url\":\"https:\\\/\\\/chaaliya.com\\\/wp-content\\\/uploads\\\/2020\\\/02\\\/DSCF4251.jpg\",\"contentUrl\":\"https:\\\/\\\/chaaliya.com\\\/wp-content\\\/uploads\\\/2020\\\/02\\\/DSCF4251.jpg\",\"width\":953,\"height\":720,\"caption\":\"tea trail mountain bike trekking\"},{\"@type\":\"BreadcrumbList\",\"@id\":\"https:\\\/\\\/chaaliya.com\\\/it\\\/experiences\\\/trekking-della-storia-del-te-di-ceylon\\\/#breadcrumb\",\"itemListElement\":[{\"@type\":\"ListItem\",\"position\":1,\"name\":\"Home\",\"item\":\"https:\\\/\\\/chaaliya.com\\\/it\\\/\"},{\"@type\":\"ListItem\",\"position\":2,\"name\":\"Trekking della storia del t\u00e8 di Ceylon\"}]},{\"@type\":\"WebSite\",\"@id\":\"https:\\\/\\\/chaaliya.com\\\/#website\",\"url\":\"https:\\\/\\\/chaaliya.com\\\/\",\"name\":\"Chaaliya Tours\",\"description\":\"Chaaliya Tours is a Sri Lanka Tourism Board Certified Tour Operator\",\"publisher\":{\"@id\":\"https:\\\/\\\/chaaliya.com\\\/#organization\"},\"potentialAction\":[{\"@type\":\"SearchAction\",\"target\":{\"@type\":\"EntryPoint\",\"urlTemplate\":\"https:\\\/\\\/chaaliya.com\\\/?s={search_term_string}\"},\"query-input\":{\"@type\":\"PropertyValueSpecification\",\"valueRequired\":true,\"valueName\":\"search_term_string\"}}],\"inLanguage\":\"it-IT\"},{\"@type\":\"Organization\",\"@id\":\"https:\\\/\\\/chaaliya.com\\\/#organization\",\"name\":\"Chaaliya Tours\",\"url\":\"https:\\\/\\\/chaaliya.com\\\/\",\"logo\":{\"@type\":\"ImageObject\",\"inLanguage\":\"it-IT\",\"@id\":\"https:\\\/\\\/chaaliya.com\\\/#\\\/schema\\\/logo\\\/image\\\/\",\"url\":\"http:\\\/\\\/chaaliya.com\\\/wp-content\\\/uploads\\\/2020\\\/01\\\/cropped-logo.png\",\"contentUrl\":\"http:\\\/\\\/chaaliya.com\\\/wp-content\\\/uploads\\\/2020\\\/01\\\/cropped-logo.png\",\"width\":1000,\"height\":472,\"caption\":\"Chaaliya Tours\"},\"image\":{\"@id\":\"https:\\\/\\\/chaaliya.com\\\/#\\\/schema\\\/logo\\\/image\\\/\"},\"sameAs\":[\"https:\\\/\\\/www.facebook.com\\\/chaaliya\\\/\",\"https:\\\/\\\/x.com\\\/chaaliya\"]}]}<\/script>\n<!-- \/ Yoast SEO plugin. -->","yoast_head_json":{"title":"Trekking della storia del t\u00e8 di Ceylon - Chaaliya Tours","robots":{"index":"index","follow":"follow","max-snippet":"max-snippet:-1","max-image-preview":"max-image-preview:large","max-video-preview":"max-video-preview:-1"},"canonical":"https:\/\/chaaliya.com\/it\/experiences\/trekking-della-storia-del-te-di-ceylon\/","og_locale":"it_IT","og_type":"article","og_title":"Trekking della storia del t\u00e8 di Ceylon - Chaaliya Tours","og_description":"Questa \u00e8 la prima piantagione di t\u00e8 in Sri Lanka. James Tailor inizi\u00f2 questa piantagione durante il periodo coloniale nel 1867 quando aveva solo 32 anni, James Taylor inizi\u00f2 la piantagione di t\u00e8 all&#8217;interno di 19 acri, di terra nel Loolecondera Field No: 07 e crebbe rapidamente. Nel 1872, ha avviato una fabbrica di t\u00e8 [&hellip;]","og_url":"https:\/\/chaaliya.com\/it\/experiences\/trekking-della-storia-del-te-di-ceylon\/","og_site_name":"Chaaliya Tours","article_publisher":"https:\/\/www.facebook.com\/chaaliya\/","article_modified_time":"2023-02-21T12:38:32+00:00","og_image":[{"width":953,"height":720,"url":"https:\/\/chaaliya.com\/wp-content\/uploads\/2020\/02\/DSCF4251.jpg","type":"image\/jpeg"}],"twitter_card":"summary_large_image","twitter_site":"@chaaliya","twitter_misc":{"Tempo di lettura stimato":"2 minuti"},"schema":{"@context":"https:\/\/schema.org","@graph":[{"@type":"WebPage","@id":"https:\/\/chaaliya.com\/it\/experiences\/trekking-della-storia-del-te-di-ceylon\/","url":"https:\/\/chaaliya.com\/it\/experiences\/trekking-della-storia-del-te-di-ceylon\/","name":"Trekking della storia del t\u00e8 di Ceylon - Chaaliya Tours","isPartOf":{"@id":"https:\/\/chaaliya.com\/#website"},"primaryImageOfPage":{"@id":"https:\/\/chaaliya.com\/it\/experiences\/trekking-della-storia-del-te-di-ceylon\/#primaryimage"},"image":{"@id":"https:\/\/chaaliya.com\/it\/experiences\/trekking-della-storia-del-te-di-ceylon\/#primaryimage"},"thumbnailUrl":"https:\/\/chaaliya.com\/wp-content\/uploads\/2020\/02\/DSCF4251.jpg","datePublished":"2020-03-11T05:41:55+00:00","dateModified":"2023-02-21T12:38:32+00:00","breadcrumb":{"@id":"https:\/\/chaaliya.com\/it\/experiences\/trekking-della-storia-del-te-di-ceylon\/#breadcrumb"},"inLanguage":"it-IT","potentialAction":[{"@type":"ReadAction","target":["https:\/\/chaaliya.com\/it\/experiences\/trekking-della-storia-del-te-di-ceylon\/"]}]},{"@type":"ImageObject","inLanguage":"it-IT","@id":"https:\/\/chaaliya.com\/it\/experiences\/trekking-della-storia-del-te-di-ceylon\/#primaryimage","url":"https:\/\/chaaliya.com\/wp-content\/uploads\/2020\/02\/DSCF4251.jpg","contentUrl":"https:\/\/chaaliya.com\/wp-content\/uploads\/2020\/02\/DSCF4251.jpg","width":953,"height":720,"caption":"tea trail mountain bike trekking"},{"@type":"BreadcrumbList","@id":"https:\/\/chaaliya.com\/it\/experiences\/trekking-della-storia-del-te-di-ceylon\/#breadcrumb","itemListElement":[{"@type":"ListItem","position":1,"name":"Home","item":"https:\/\/chaaliya.com\/it\/"},{"@type":"ListItem","position":2,"name":"Trekking della storia del t\u00e8 di Ceylon"}]},{"@type":"WebSite","@id":"https:\/\/chaaliya.com\/#website","url":"https:\/\/chaaliya.com\/","name":"Chaaliya Tours","description":"Chaaliya Tours is a Sri Lanka Tourism Board Certified Tour Operator","publisher":{"@id":"https:\/\/chaaliya.com\/#organization"},"potentialAction":[{"@type":"SearchAction","target":{"@type":"EntryPoint","urlTemplate":"https:\/\/chaaliya.com\/?s={search_term_string}"},"query-input":{"@type":"PropertyValueSpecification","valueRequired":true,"valueName":"search_term_string"}}],"inLanguage":"it-IT"},{"@type":"Organization","@id":"https:\/\/chaaliya.com\/#organization","name":"Chaaliya Tours","url":"https:\/\/chaaliya.com\/","logo":{"@type":"ImageObject","inLanguage":"it-IT","@id":"https:\/\/chaaliya.com\/#\/schema\/logo\/image\/","url":"http:\/\/chaaliya.com\/wp-content\/uploads\/2020\/01\/cropped-logo.png","contentUrl":"http:\/\/chaaliya.com\/wp-content\/uploads\/2020\/01\/cropped-logo.png","width":1000,"height":472,"caption":"Chaaliya Tours"},"image":{"@id":"https:\/\/chaaliya.com\/#\/schema\/logo\/image\/"},"sameAs":["https:\/\/www.facebook.com\/chaaliya\/","https:\/\/x.com\/chaaliya"]}]}},"_links":{"self":[{"href":"https:\/\/chaaliya.com\/it\/wp-json\/wp\/v2\/product\/4879","targetHints":{"allow":["GET"]}}],"collection":[{"href":"https:\/\/chaaliya.com\/it\/wp-json\/wp\/v2\/product"}],"about":[{"href":"https:\/\/chaaliya.com\/it\/wp-json\/wp\/v2\/types\/product"}],"replies":[{"embeddable":true,"href":"https:\/\/chaaliya.com\/it\/wp-json\/wp\/v2\/comments?post=4879"}],"wp:featuredmedia":[{"embeddable":true,"href":"https:\/\/chaaliya.com\/it\/wp-json\/wp\/v2\/media\/4557"}],"wp:attachment":[{"href":"https:\/\/chaaliya.com\/it\/wp-json\/wp\/v2\/media?parent=4879"}],"wp:term":[{"taxonomy":"product_brand","embeddable":true,"href":"https:\/\/chaaliya.com\/it\/wp-json\/wp\/v2\/product_brand?post=4879"},{"taxonomy":"product_cat","embeddable":true,"href":"https:\/\/chaaliya.com\/it\/wp-json\/wp\/v2\/product_cat?post=4879"},{"taxonomy":"product_tag","embeddable":true,"href":"https:\/\/chaaliya.com\/it\/wp-json\/wp\/v2\/product_tag?post=4879"}],"curies":[{"name":"wp","href":"https:\/\/api.w.org\/{rel}","templated":true}]}}